{"id":7644,"date":"2021-02-24T10:15:06","date_gmt":"2021-02-24T10:15:06","guid":{"rendered":"https:\/\/araytor.com\/?page_id=7644"},"modified":"2021-03-17T16:14:36","modified_gmt":"2021-03-17T16:14:36","slug":"seguros-para-empresas","status":"publish","type":"page","link":"https:\/\/araytor.com\/ca\/seguros-para-empresas\/","title":{"rendered":"Seguros para empresas"},"content":{"rendered":"<p>[vc_row full_width=&#8221;stretch_row&#8221; css=&#8221;.vc_custom_1614190044212{margin-top: -50px !important;padding-top: 100px !important;padding-bottom: 100px !important;background-color: #f3f3f3 !important;}&#8221;][vc_column]<div class=\"features-tabs kd-tabswrapper-2806769f38a01db21a tabs-image-left tab-img-fullwidth\" >\r\n\t\t\t\t<div id=\"kd-extab-6865669f38a01dd97f\">\r\n\t\t\t\t<div class=\"tab-image-container\"><img fetchpriority=\"high\" decoding=\"async\" width=\"848\" height=\"565\" src=\"https:\/\/araytor.com\/wp-content\/uploads\/2023\/04\/Araytor-servicios-employee-benefits.webp\" class=\"attachment-full\" alt=\"\" srcset=\"https:\/\/araytor.com\/wp-content\/uploads\/2023\/04\/Araytor-servicios-employee-benefits.webp 848w, https:\/\/araytor.com\/wp-content\/uploads\/2023\/04\/Araytor-servicios-employee-benefits-300x200.webp 300w, https:\/\/araytor.com\/wp-content\/uploads\/2023\/04\/Araytor-servicios-employee-benefits-768x512.webp 768w\" sizes=\"(max-width: 848px) 100vw, 848px\" \/><\/div>\r\n\t\t\t\t<div class=\"tab-text-container\">\r\n\t\t\t\t\t<h2 class=\"tab-title\">Employee benefits<\/h2><p class=\"tab-content\">Soluciones imaginativas y muy elaboradas que permiten la contrataci\u00f3n de p\u00f3lizas que resuelven la problem\u00e1tica de la empresa en esta \u00e1rea tan importante.<\/p><\/div>\r\n\t\t\t\t<\/div>\r\n\t\t\t\t<li class=\"tab-control-item\">\r\n\t\t\t\t\t<a href=\"#kd-extab-6865669f38a01dd97f\"><i class=\"\"><\/i>  Employee benefits<\/a>\r\n\t\t\t\t<\/li><div id=\"kd-extab-4498469f38a01de299\">\r\n\t\t\t\t<div class=\"tab-image-container\"><img decoding=\"async\" width=\"848\" height=\"565\" src=\"https:\/\/araytor.com\/wp-content\/uploads\/2023\/04\/Araytor-tambien-necesitaras-empresa-construccion.webp\" class=\"attachment-full\" alt=\"\" srcset=\"https:\/\/araytor.com\/wp-content\/uploads\/2023\/04\/Araytor-tambien-necesitaras-empresa-construccion.webp 848w, https:\/\/araytor.com\/wp-content\/uploads\/2023\/04\/Araytor-tambien-necesitaras-empresa-construccion-300x200.webp 300w, https:\/\/araytor.com\/wp-content\/uploads\/2023\/04\/Araytor-tambien-necesitaras-empresa-construccion-768x512.webp 768w\" sizes=\"(max-width: 848px) 100vw, 848px\" \/><\/div>\r\n\t\t\t\t<div class=\"tab-text-container\">\r\n\t\t\t\t\t<h2 class=\"tab-title\">Construcci\u00f3n<\/h2><p class=\"tab-content\">Decenales<br \/>\nTodo riesgo construcci\u00f3n<\/p><\/div>\r\n\t\t\t\t<\/div>\r\n\t\t\t\t<li class=\"tab-control-item\">\r\n\t\t\t\t\t<a href=\"#kd-extab-4498469f38a01de299\"><i class=\"\"><\/i>  Construcci\u00f3n<\/a>\r\n\t\t\t\t<\/li><div id=\"kd-extab-5996569f38a01dea37\">\r\n\t\t\t\t<div class=\"tab-image-container\"><img decoding=\"async\" width=\"848\" height=\"565\" src=\"https:\/\/araytor.com\/wp-content\/uploads\/2023\/04\/Araytor-servicios-empresa-multirriesgo.webp\" class=\"attachment-full\" alt=\"\" srcset=\"https:\/\/araytor.com\/wp-content\/uploads\/2023\/04\/Araytor-servicios-empresa-multirriesgo.webp 848w, https:\/\/araytor.com\/wp-content\/uploads\/2023\/04\/Araytor-servicios-empresa-multirriesgo-300x200.webp 300w, https:\/\/araytor.com\/wp-content\/uploads\/2023\/04\/Araytor-servicios-empresa-multirriesgo-768x512.webp 768w\" sizes=\"(max-width: 848px) 100vw, 848px\" \/><\/div>\r\n\t\t\t\t<div class=\"tab-text-container\">\r\n\t\t\t\t\t<h2 class=\"tab-title\">Empresa - Multirriesgo<\/h2><p class=\"tab-content\">Comercio, multirriesgo, responsabilidad civil, aver\u00eda maquinaria, accidentes convenio<\/p><\/div>\r\n\t\t\t\t<\/div>\r\n\t\t\t\t<li class=\"tab-control-item\">\r\n\t\t\t\t\t<a href=\"#kd-extab-5996569f38a01dea37\"><i class=\"\"><\/i>  Empresa - Multirriesgo<\/a>\r\n\t\t\t\t<\/li>\r\n\t\t\t\t<ul class=\"tab-controls\"><\/ul>\r\n\t\t\t<\/div>[\/vc_column][\/vc_row][vc_row full_width=&#8221;stretch_row&#8221; css=&#8221;.vc_custom_1536143458963{padding-top: 100px !important;padding-bottom: 100px !important;background-color: #f3f3f3 !important;}&#8221;][vc_column]<div class=\"features-tabs kd-tabswrapper-2611469f38a01dea8c tabs-image-right tab-img-contained\" >\r\n\t\t\t\t<div id=\"kd-extab-2365669f38a01dfc3e\">\r\n\t\t\t\t<div class=\"tab-image-container\"><img loading=\"lazy\" decoding=\"async\" width=\"848\" height=\"565\" src=\"https:\/\/araytor.com\/wp-content\/uploads\/2023\/04\/Araytor-servicios-comunidad-propietarios.webp\" class=\"attachment-full\" alt=\"\" srcset=\"https:\/\/araytor.com\/wp-content\/uploads\/2023\/04\/Araytor-servicios-comunidad-propietarios.webp 848w, https:\/\/araytor.com\/wp-content\/uploads\/2023\/04\/Araytor-servicios-comunidad-propietarios-300x200.webp 300w, https:\/\/araytor.com\/wp-content\/uploads\/2023\/04\/Araytor-servicios-comunidad-propietarios-768x512.webp 768w\" sizes=\"(max-width: 848px) 100vw, 848px\" \/><\/div>\r\n\t\t\t\t<div class=\"tab-text-container\">\r\n\t\t\t\t\t<h2 class=\"tab-title\">Comunidades de Propietarios<\/h2><p class=\"tab-content\">Seguros para comunidades de propietarios.<\/p><\/div>\r\n\t\t\t\t<\/div>\r\n\t\t\t\t<li class=\"tab-control-item\">\r\n\t\t\t\t\t<a href=\"#kd-extab-2365669f38a01dfc3e\"><i class=\"\"><\/i>  Comunidades de Propietarios<\/a>\r\n\t\t\t\t<\/li><div id=\"kd-extab-8498069f38a01e0388\">\r\n\t\t\t\t<div class=\"tab-image-container\"><img loading=\"lazy\" decoding=\"async\" width=\"848\" height=\"565\" src=\"https:\/\/araytor.com\/wp-content\/uploads\/2023\/04\/Araytor-servicios-logistica.webp\" class=\"attachment-full\" alt=\"\" srcset=\"https:\/\/araytor.com\/wp-content\/uploads\/2023\/04\/Araytor-servicios-logistica.webp 848w, https:\/\/araytor.com\/wp-content\/uploads\/2023\/04\/Araytor-servicios-logistica-300x200.webp 300w, https:\/\/araytor.com\/wp-content\/uploads\/2023\/04\/Araytor-servicios-logistica-768x512.webp 768w\" sizes=\"(max-width: 848px) 100vw, 848px\" \/><\/div>\r\n\t\t\t\t<div class=\"tab-text-container\">\r\n\t\t\t\t\t<h2 class=\"tab-title\">Log\u00edstica<\/h2><p class=\"tab-content\"><\/p>\n<ul>\n<li>Mercanc\u00edas<\/li>\n<li>Flota<\/li>\n<\/ul>\n<p><\/p><\/div>\r\n\t\t\t\t<\/div>\r\n\t\t\t\t<li class=\"tab-control-item\">\r\n\t\t\t\t\t<a href=\"#kd-extab-8498069f38a01e0388\"><i class=\"\"><\/i>  Log\u00edstica<\/a>\r\n\t\t\t\t<\/li><div id=\"kd-extab-8547269f38a01e152c\">\r\n\t\t\t\t<div class=\"tab-image-container\"><img loading=\"lazy\" decoding=\"async\" width=\"848\" height=\"565\" src=\"https:\/\/araytor.com\/wp-content\/uploads\/2023\/04\/Araytor-servicios-particulares-cabecera.webp\" class=\"attachment-full\" alt=\"\" srcset=\"https:\/\/araytor.com\/wp-content\/uploads\/2023\/04\/Araytor-servicios-particulares-cabecera.webp 848w, https:\/\/araytor.com\/wp-content\/uploads\/2023\/04\/Araytor-servicios-particulares-cabecera-300x200.webp 300w, https:\/\/araytor.com\/wp-content\/uploads\/2023\/04\/Araytor-servicios-particulares-cabecera-768x512.webp 768w\" sizes=\"(max-width: 848px) 100vw, 848px\" \/><\/div>\r\n\t\t\t\t<div class=\"tab-text-container\">\r\n\t\t\t\t\t<h2 class=\"tab-title\">Particulares<\/h2><p class=\"tab-content\"><\/p>\n<ul>\n<li>Patrimonio inmobiliario.<\/li>\n<li>Medios de locomoci\u00f3n y transporte.<\/li>\n<li>Previsi\u00f3n de ahorro, pensiones y jubilaci\u00f3n.<\/li>\n<\/ul>\n<p><\/p><\/div>\r\n\t\t\t\t<\/div>\r\n\t\t\t\t<li class=\"tab-control-item\">\r\n\t\t\t\t\t<a href=\"#kd-extab-8547269f38a01e152c\"><i class=\"\"><\/i>  Particulares<\/a>\r\n\t\t\t\t<\/li>\r\n\t\t\t\t<ul class=\"tab-controls\"><\/ul>\r\n\t\t\t<\/div>[\/vc_column][\/vc_row][vc_row full_width=&#8221;stretch_row&#8221; css=&#8221;.vc_custom_1556018513487{padding-top: 0px !important;padding-bottom: 0px !important;}&#8221;][vc_column]<div class=\"kd-calltoaction no_icon \" >\n                <div class=\"container\">\n                  <div class=\"cta-text-container \" ><div class=\"cta-text\">\n                        <h3 >\u00a1Contr\u00e1tanos y preoc\u00fapate de lo que verdad importa!<\/h3><\/div>\n                    <\/div>\n                    <div class=\"cta-btncontainer\"><a class=\"tt_button tt_primary_button panel-trigger-btn btn_primary_color \" >Contacta con nostros<\/a><\/div>\n                <\/div>\n            <\/div>[\/vc_column][\/vc_row]<\/p>\n","protected":false},"excerpt":{"rendered":"<p>[vc_row full_width=&#8221;stretch_row&#8221; css=&#8221;.vc_custom_1614190044212{margin-top: -50px !important;padding-top: 100px !important;padding-bottom: 100px !important;background-color: #f3f3f3 !important;}&#8221;][vc_column][\/vc_column][\/vc_row][vc_row full_width=&#8221;stretch_row&#8221; css=&#8221;.vc_custom_1536143458963{padding-top: 100px !important;padding-bottom: 100px !important;background-color: #f3f3f3 !important;}&#8221;][vc_column][\/vc_column][\/vc_row][vc_row full_width=&#8221;stretch_row&#8221; [&hellip;]<\/p>\n","protected":false},"author":1,"featured_media":7736,"parent":0,"menu_order":0,"comment_status":"closed","ping_status":"closed","template":"","meta":{"footnotes":""},"class_list":["post-7644","page","type-page","status-publish","has-post-thumbnail","hentry"],"yoast_head":"<!-- This site is optimized with the Yoast SEO plugin v20.6 - https:\/\/yoast.com\/wordpress\/plugins\/seo\/ -->\n<title>Araytor I Seguros para empresas multirriesgo y construcci\u00f3n<\/title>\n<meta name=\"description\" content=\"Solicita informaci\u00f3n de nuestros seguros a medida tambi\u00e9n para empresas. Comercio, multirriesgo, responsabilidad civil, aver\u00edas de maquinaria y mucho m\u00e1s.\" \/>\n<meta name=\"robots\" content=\"index, follow, max-snippet:-1, max-image-preview:large, max-video-preview:-1\" \/>\n<link rel=\"canonical\" href=\"https:\/\/araytor.com\/seguros-para-empresas\/\" \/>\n<meta property=\"og:locale\" content=\"ca_ES\" \/>\n<meta property=\"og:type\" content=\"article\" \/>\n<meta property=\"og:title\" content=\"Araytor I Seguros para empresas multirriesgo y construcci\u00f3n\" \/>\n<meta property=\"og:description\" content=\"Solicita informaci\u00f3n de nuestros seguros a medida tambi\u00e9n para empresas. Comercio, multirriesgo, responsabilidad civil, aver\u00edas de maquinaria y mucho m\u00e1s.\" \/>\n<meta property=\"og:url\" content=\"https:\/\/araytor.com\/seguros-para-empresas\/\" \/>\n<meta property=\"og:site_name\" content=\"Araytor Corredur\u00eda de Seguros\" \/>\n<meta property=\"article:modified_time\" content=\"2021-03-17T16:14:36+00:00\" \/>\n<meta property=\"og:image\" content=\"https:\/\/araytor.com\/wp-content\/uploads\/2023\/04\/Araytor-seguros-empresas-cabecera-dark.webp\" \/>\n\t<meta property=\"og:image:width\" content=\"1920\" \/>\n\t<meta property=\"og:image:height\" content=\"554\" \/>\n\t<meta property=\"og:image:type\" content=\"image\/webp\" \/>\n<meta name=\"twitter:card\" content=\"summary_large_image\" \/>\n<meta name=\"twitter:label1\" content=\"Temps estimat de lectura\" \/>\n\t<meta name=\"twitter:data1\" content=\"3 minuts\" \/>\n<script type=\"application\/ld+json\" class=\"yoast-schema-graph\">{\"@context\":\"https:\/\/schema.org\",\"@graph\":[{\"@type\":\"WebPage\",\"@id\":\"https:\/\/araytor.com\/seguros-para-empresas\/\",\"url\":\"https:\/\/araytor.com\/seguros-para-empresas\/\",\"name\":\"Araytor I Seguros para empresas multirriesgo y construcci\u00f3n\",\"isPartOf\":{\"@id\":\"https:\/\/araytor.com\/#website\"},\"datePublished\":\"2021-02-24T10:15:06+00:00\",\"dateModified\":\"2021-03-17T16:14:36+00:00\",\"description\":\"Solicita informaci\u00f3n de nuestros seguros a medida tambi\u00e9n para empresas. Comercio, multirriesgo, responsabilidad civil, aver\u00edas de maquinaria y mucho m\u00e1s.\",\"breadcrumb\":{\"@id\":\"https:\/\/araytor.com\/seguros-para-empresas\/#breadcrumb\"},\"inLanguage\":\"ca\",\"potentialAction\":[{\"@type\":\"ReadAction\",\"target\":[\"https:\/\/araytor.com\/seguros-para-empresas\/\"]}]},{\"@type\":\"BreadcrumbList\",\"@id\":\"https:\/\/araytor.com\/seguros-para-empresas\/#breadcrumb\",\"itemListElement\":[{\"@type\":\"ListItem\",\"position\":1,\"name\":\"Portada\",\"item\":\"https:\/\/araytor.com\/\"},{\"@type\":\"ListItem\",\"position\":2,\"name\":\"Seguros para empresas\"}]},{\"@type\":\"WebSite\",\"@id\":\"https:\/\/araytor.com\/#website\",\"url\":\"https:\/\/araytor.com\/\",\"name\":\"Araytor Corredur\u00eda de Seguros\",\"description\":\"Seguro de espect\u00e1culos\",\"potentialAction\":[{\"@type\":\"SearchAction\",\"target\":{\"@type\":\"EntryPoint\",\"urlTemplate\":\"https:\/\/araytor.com\/?s={search_term_string}\"},\"query-input\":\"required name=search_term_string\"}],\"inLanguage\":\"ca\"}]}<\/script>\n<!-- \/ Yoast SEO plugin. -->","yoast_head_json":{"title":"Araytor I Seguros para empresas multirriesgo y construcci\u00f3n","description":"Solicita informaci\u00f3n de nuestros seguros a medida tambi\u00e9n para empresas. Comercio, multirriesgo, responsabilidad civil, aver\u00edas de maquinaria y mucho m\u00e1s.","robots":{"index":"index","follow":"follow","max-snippet":"max-snippet:-1","max-image-preview":"max-image-preview:large","max-video-preview":"max-video-preview:-1"},"canonical":"https:\/\/araytor.com\/seguros-para-empresas\/","og_locale":"ca_ES","og_type":"article","og_title":"Araytor I Seguros para empresas multirriesgo y construcci\u00f3n","og_description":"Solicita informaci\u00f3n de nuestros seguros a medida tambi\u00e9n para empresas. Comercio, multirriesgo, responsabilidad civil, aver\u00edas de maquinaria y mucho m\u00e1s.","og_url":"https:\/\/araytor.com\/seguros-para-empresas\/","og_site_name":"Araytor Corredur\u00eda de Seguros","article_modified_time":"2021-03-17T16:14:36+00:00","og_image":[{"width":1920,"height":554,"url":"https:\/\/araytor.com\/wp-content\/uploads\/2023\/04\/Araytor-seguros-empresas-cabecera-dark.webp","type":"image\/webp"}],"twitter_card":"summary_large_image","twitter_misc":{"Temps estimat de lectura":"3 minuts"},"schema":{"@context":"https:\/\/schema.org","@graph":[{"@type":"WebPage","@id":"https:\/\/araytor.com\/seguros-para-empresas\/","url":"https:\/\/araytor.com\/seguros-para-empresas\/","name":"Araytor I Seguros para empresas multirriesgo y construcci\u00f3n","isPartOf":{"@id":"https:\/\/araytor.com\/#website"},"datePublished":"2021-02-24T10:15:06+00:00","dateModified":"2021-03-17T16:14:36+00:00","description":"Solicita informaci\u00f3n de nuestros seguros a medida tambi\u00e9n para empresas. Comercio, multirriesgo, responsabilidad civil, aver\u00edas de maquinaria y mucho m\u00e1s.","breadcrumb":{"@id":"https:\/\/araytor.com\/seguros-para-empresas\/#breadcrumb"},"inLanguage":"ca","potentialAction":[{"@type":"ReadAction","target":["https:\/\/araytor.com\/seguros-para-empresas\/"]}]},{"@type":"BreadcrumbList","@id":"https:\/\/araytor.com\/seguros-para-empresas\/#breadcrumb","itemListElement":[{"@type":"ListItem","position":1,"name":"Portada","item":"https:\/\/araytor.com\/"},{"@type":"ListItem","position":2,"name":"Seguros para empresas"}]},{"@type":"WebSite","@id":"https:\/\/araytor.com\/#website","url":"https:\/\/araytor.com\/","name":"Araytor Corredur\u00eda de Seguros","description":"Seguro de espect\u00e1culos","potentialAction":[{"@type":"SearchAction","target":{"@type":"EntryPoint","urlTemplate":"https:\/\/araytor.com\/?s={search_term_string}"},"query-input":"required name=search_term_string"}],"inLanguage":"ca"}]}},"_links":{"self":[{"href":"https:\/\/araytor.com\/ca\/wp-json\/wp\/v2\/pages\/7644","targetHints":{"allow":["GET"]}}],"collection":[{"href":"https:\/\/araytor.com\/ca\/wp-json\/wp\/v2\/pages"}],"about":[{"href":"https:\/\/araytor.com\/ca\/wp-json\/wp\/v2\/types\/page"}],"author":[{"embeddable":true,"href":"https:\/\/araytor.com\/ca\/wp-json\/wp\/v2\/users\/1"}],"replies":[{"embeddable":true,"href":"https:\/\/araytor.com\/ca\/wp-json\/wp\/v2\/comments?post=7644"}],"version-history":[{"count":17,"href":"https:\/\/araytor.com\/ca\/wp-json\/wp\/v2\/pages\/7644\/revisions"}],"predecessor-version":[{"id":7737,"href":"https:\/\/araytor.com\/ca\/wp-json\/wp\/v2\/pages\/7644\/revisions\/7737"}],"wp:featuredmedia":[{"embeddable":true,"href":"https:\/\/araytor.com\/ca\/wp-json\/wp\/v2\/media\/7736"}],"wp:attachment":[{"href":"https:\/\/araytor.com\/ca\/wp-json\/wp\/v2\/media?parent=7644"}],"curies":[{"name":"wp","href":"https:\/\/api.w.org\/{rel}","templated":true}]}}