{"id":16846,"date":"2021-04-07T06:33:04","date_gmt":"2021-04-07T04:33:04","guid":{"rendered":"https:\/\/araytor.com\/seguros-que-tambien-necesitaras-copy\/"},"modified":"2024-02-07T09:46:21","modified_gmt":"2024-02-07T07:46:21","slug":"insurance-that-you-will-also-need","status":"publish","type":"page","link":"https:\/\/araytor.com\/en\/insurance-that-you-will-also-need\/","title":{"rendered":"You will also need"},"content":{"rendered":"<p>[vc_row full_width=&#8221;stretch_row&#8221; parallax=&#8221;content-moving&#8221; css=&#8221;.vc_custom_1539607787552{padding-top: 100px !important;padding-bottom: 85px !important;}&#8221;][vc_column][vc_row_inner][vc_column_inner width=&#8221;1\/3&#8243;]<header class=\"kd-section-title col-lg-12 text-left    \" ><h2 class=\"separator_off\" >Other important<br \/>\ninsurance<br \/>\nfor you<\/h2><\/header>[\/vc_column_inner][vc_column_inner width=&#8221;2\/3&#8243;][vc_column_text]We offer solutions to other needs that will arise during the organisation of your event. It are essential and customisable insurances, that are simple to hire.<\/p>\n<p><strong>Leave it to us so you can focus on the success of your show!<\/strong>[\/vc_column_text][\/vc_column_inner][\/vc_row_inner][vc_row_inner css=&#8221;.vc_custom_1614188107728{margin-top: 45px !important;border-top-width: 1px !important;padding-top: 55px !important;border-top-color: rgba(255,255,255,0.15) !important;border-top-style: solid !important;}&#8221;][vc_column_inner][vc_separator][\/vc_column_inner][\/vc_row_inner][vc_row_inner css=&#8221;.vc_custom_1680692832761{margin-top: 45px !important;border-top-width: 1px !important;padding-top: 55px !important;border-top-color: rgba(255,255,255,0.15) !important;border-top-style: solid !important;}&#8221; el_id=&#8221;features-desktop&#8221;][vc_column_inner width=&#8221;1\/3&#8243;]<div class=\"key-icon-box icon-default icon-top cont-center ib-no-effect  kd-animated fadeInUp panel-trigger-btn\" style=\"background-color: transparent;\" data-animation-delay=200><a href=\"\" target=\"\"><i class=\"iconsmind-Professor iconsmind-People\" style=\" \"><\/i> <h6 class=\"service-heading\" >D&amp;O<\/h6><p >(Directors &amp; officers) is a civil liability insurance that protects the members of the administrative and management body and whose decisions commit the company against third parties.<\/p><\/a><\/div>[\/vc_column_inner][vc_column_inner width=&#8221;1\/3&#8243;]<div class=\"key-icon-box icon-default icon-top cont-center ib-no-effect  kd-animated fadeInUp panel-trigger-btn\" style=\"background-color: transparent;\" data-animation-delay=200><a href=\"https:\/\/araytor.com\/solicitud-presupuesto-eventos\/\" target=\"\"><i class=\"iconsmind-Security-Check iconsmind-Security\" style=\" \"><\/i> <h6 class=\"service-heading\" >Cyber  Risk<\/h6><p >Allows you to protect yourself from the main consequences derived from a cyberattack: the damage suffered by the company, possible civil liabilities and even consequential losses derived from business interruption.<\/p><\/a><\/div>[\/vc_column_inner][vc_column_inner width=&#8221;1\/3&#8243;]<div class=\"key-icon-box icon-default icon-top cont-center ib-no-effect  kd-animated fadeInUp panel-trigger-btn\" style=\"background-color: transparent;\" data-animation-delay=200><a href=\"\" target=\"\"><i class=\"iconsmind-Plane iconsmind-Transportation\" style=\" \"><\/i> <h6 class=\"service-heading\" >Travel assistance<\/h6><p >In case of an unexpected event on your trip, we have adequate assistance that will allow you to continue your trip, provide you with the means to return, or remain in the place at no cost.<\/p><\/a><\/div>[\/vc_column_inner][\/vc_row_inner][vc_row_inner css=&#8221;.vc_custom_1680692839410{margin-top: 45px !important;border-top-width: 1px !important;padding-top: 55px !important;padding-bottom: 55px !important;border-top-color: #ffffff !important;}&#8221; el_id=&#8221;features-desktop-bis&#8221;][vc_column_inner width=&#8221;1\/3&#8243;]<div class=\"key-icon-box icon-default icon-top cont-center ib-no-effect  kd-animated fadeInUp panel-trigger-btn\" style=\"background-color: transparent;\" data-animation-delay=200><a href=\"https:\/\/araytor.com\/solicitud-presupuesto-eventos\/\" target=\"\"><i class=\"iconsmind-Truck iconsmind-Transportation\" style=\" \"><\/i> <h6 class=\"service-heading\" >Transport<\/h6><p >Protect the material you transport throughout the journey and also during the handling. Protect it against breakage and possible theft.<\/p><\/a><\/div>[\/vc_column_inner][vc_column_inner width=&#8221;1\/3&#8243;]<div class=\"key-icon-box icon-default icon-top cont-center ib-no-effect  kd-animated fadeInUp panel-trigger-btn\" style=\"background-color: transparent;\" data-animation-delay=200><a href=\"\" target=\"\"><i class=\"iconsmind-Add-UserStar iconsmind-People\" style=\" \"><\/i> <h6 class=\"service-heading\" >Employee benefits<\/h6><p >Creative and very elaborate solutions that solve the problems of contracting policies at the company.<\/p><\/a><\/div>[\/vc_column_inner][vc_column_inner width=&#8221;1\/3&#8243;]<div class=\"key-icon-box icon-default icon-top cont-center ib-no-effect  kd-animated fadeInUp panel-trigger-btn\" style=\"background-color: transparent;\" data-animation-delay=200><a href=\"https:\/\/araytor.com\/solicitud-presupuesto-artistas-y-tecnicos\/\" target=\"\"><i class=\"iconsmind-Ambulance iconsmind-Science-Medical\" style=\" \"><\/i> <h6 class=\"service-heading\" >Health insurance<\/h6><p >We adapt the different coverages to your medical requirements. Take on only what you need and don't pay more.<\/p><\/a><\/div>[\/vc_column_inner][\/vc_row_inner][vc_row_inner css=&#8221;.vc_custom_1680692885027{margin-top: 45px !important;border-top-width: 1px !important;padding-top: 55px !important;border-top-color: rgba(255,255,255,0.15) !important;border-top-style: solid !important;}&#8221; el_id=&#8221;features-mob&#8221;][vc_column_inner width=&#8221;1\/3&#8243;]<div class=\"key-icon-box icon-default icon-top cont-center ib-no-effect  kd-animated fadeInUp panel-trigger-btn\" style=\"background-color: transparent;\" data-animation-delay=200><a href=\"\" target=\"\"><i class=\"iconsmind-Professor iconsmind-People\" style=\" \"><\/i> <h6 class=\"service-heading\" >D&amp;O<\/h6><p >(Directors &amp; officers) Es un seguro de responsabilidad civil que protege a los miembros del \u00f3rgano de administraci\u00f3n y de direcci\u00f3n y cuyas decisiones comprometen a la empresa frente a terceros.<\/p><\/a><\/div>[\/vc_column_inner][vc_column_inner width=&#8221;1\/3&#8243;]<div class=\"key-icon-box icon-default icon-top cont-center ib-no-effect  kd-animated fadeInUp panel-trigger-btn\" style=\"background-color: transparent;\" data-animation-delay=200><a href=\"https:\/\/araytor.com\/solicitud-presupuesto-eventos\/\" target=\"\"><i class=\"iconsmind-Security-Check iconsmind-Security\" style=\" \"><\/i> <h6 class=\"service-heading\" >Cyberriesgo<\/h6><p >Te permite protegerte de las principales consecuencias derivadas de un ciberataque: los da\u00f1os propios que sufra la empresa, las posibles responsabilidades civiles e, incluso, las p\u00e9rdidas consecuenciales derivadas de la interrupci\u00f3n del negocio.<\/p><\/a><\/div>[\/vc_column_inner][vc_column_inner width=&#8221;1\/3&#8243;]<div class=\"key-icon-box icon-default icon-top cont-center ib-no-effect  kd-animated fadeInUp panel-trigger-btn\" style=\"background-color: transparent;\" data-animation-delay=200><a href=\"\" target=\"\"><i class=\"iconsmind-Plane iconsmind-Transportation\" style=\" \"><\/i> <h6 class=\"service-heading\" >Asistencia en viaje<\/h6><p >Ante cualquier imprevisto en tu viaje, tenemos una asistencia adecuada que te va a permitir continuar tu viaje, facilitarte los medios para regresar, o permanecer en el lugar sin coste para ti.<\/p><\/a><\/div>[\/vc_column_inner][\/vc_row_inner][vc_row_inner css=&#8221;.vc_custom_1680692892361{margin-top: 45px !important;border-top-width: 1px !important;padding-top: 55px !important;padding-bottom: 55px !important;border-top-color: #ffffff !important;}&#8221; el_id=&#8221;features-mob-bis&#8221;][vc_column_inner width=&#8221;1\/3&#8243;]<div class=\"key-icon-box icon-default icon-top cont-center ib-no-effect  kd-animated fadeInUp panel-trigger-btn\" style=\"background-color: transparent;\" data-animation-delay=200><a href=\"https:\/\/araytor.com\/solicitud-presupuesto-eventos\/\" target=\"\"><i class=\"iconsmind-Truck iconsmind-Transportation\" style=\" \"><\/i> <h6 class=\"service-heading\" >Transporte<\/h6><p >Protege el material que transportas durante todo el recorrido y tambi\u00e9n en la carga y descarga del mismo. Prot\u00e9gelo contra las roturas y posibles robos.<\/p><\/a><\/div>[\/vc_column_inner][vc_column_inner width=&#8221;1\/3&#8243;]<div class=\"key-icon-box icon-default icon-top cont-center ib-no-effect  kd-animated fadeInUp panel-trigger-btn\" style=\"background-color: transparent;\" data-animation-delay=200><a href=\"\" target=\"\"><i class=\"iconsmind-Add-UserStar iconsmind-People\" style=\" \"><\/i> <h6 class=\"service-heading\" >Employee benefits<\/h6><p >Soluciones imaginativas y muy elaboradas que permiten la contrataci\u00f3n de p\u00f3lizas que resuelven la problem\u00e1tica de la empresa en esta \u00e1rea tan importante.<\/p><\/a><\/div>[\/vc_column_inner][vc_column_inner width=&#8221;1\/3&#8243;]<div class=\"key-icon-box icon-default icon-top cont-center ib-no-effect  kd-animated fadeInUp panel-trigger-btn\" style=\"background-color: transparent;\" data-animation-delay=200><a href=\"https:\/\/araytor.com\/solicitud-presupuesto-artistas-y-tecnicos\/\" target=\"\"><i class=\"iconsmind-Ambulance iconsmind-Science-Medical\" style=\" \"><\/i> <h6 class=\"service-heading\" >Seguro de salud<\/h6><p >Adaptamos las diferentes coberturas a tus requisitos m\u00e9dicos. Contrata solo lo que necesites y no pagues de m\u00e1s.<\/p><\/a><\/div>[\/vc_column_inner][\/vc_row_inner][vc_separator][\/vc_column][\/vc_row][vc_row full_width=&#8221;stretch_row&#8221; css=&#8221;.vc_custom_1615998099053{padding-top: 100px !important;}&#8221;][vc_column][vc_row_inner css=&#8221;.vc_custom_1555685982947{padding-bottom: 100px !important;}&#8221;][vc_column_inner width=&#8221;1\/4&#8243;][\/vc_column_inner][vc_column_inner width=&#8221;1\/2&#8243;]<header class=\"kd-section-title col-lg-12 text-center  kd-animated fadeIn   vc_custom_1707234627444\" data-animation-delay=200><h2 class=\"separator_off\" >At your side so you can worry about what really matters.<\/h2><\/header><a  class=\"tt_button tt_primary_button btn_primary_color  button-center panel-trigger-btn  kd-animated zoomIn\" data-animation-delay=200><span class=\"prim_text\">Request for information<\/span><\/a>[\/vc_column_inner][vc_column_inner width=&#8221;1\/4&#8243;][\/vc_column_inner][\/vc_row_inner][\/vc_column][\/vc_row][vc_row][vc_column]<div class=\"templatera_shortcode\"><div id=\"pre-footer\" data-vc-full-width=\"true\" data-vc-full-width-init=\"false\" class=\"vc_row wpb_row vc_row-fluid vc_custom_1689238980477 vc_row-has-fill vc_row-has-padding-top vc_row-has-padding-bottom\"><div class=\"wpb_column vc_column_container vc_col-sm-3\"><div class=\"vc_column-inner\"><div class=\"wpb_wrapper\"><\/div><\/div><\/div><div class=\"wpb_column vc_column_container vc_col-sm-6\"><div class=\"vc_column-inner\"><div class=\"wpb_wrapper\">\n\t<div class=\"wpb_text_column wpb_content_element  vc_custom_1617730887175\" >\n\t\t<div class=\"wpb_wrapper\">\n\t\t\t<h5 style=\"text-align: center; text-transform: none;\"><strong><span style=\"color: #ededed;\">The show must go on<\/span><\/strong><\/h5>\n\n\t\t<\/div>\n\t<\/div>\n\n\t<div  class=\"wpb_single_image wpb_content_element vc_align_center  vc_custom_1614191859233\">\n\t\t\n\t\t<figure class=\"wpb_wrapper vc_figure\">\n\t\t\t<div class=\"vc_single_image-wrapper   vc_box_border_grey\"><img decoding=\"async\" width=\"300\" height=\"84\" src=\"https:\/\/araytor.com\/wp-content\/uploads\/2021\/02\/Logo_ARAYTOR_EVENTS-transparente-NEG-300x84.png\" class=\"vc_single_image-img attachment-medium\" alt=\"\" srcset=\"https:\/\/araytor.com\/wp-content\/uploads\/2021\/02\/Logo_ARAYTOR_EVENTS-transparente-NEG-300x84.png 300w, https:\/\/araytor.com\/wp-content\/uploads\/2021\/02\/Logo_ARAYTOR_EVENTS-transparente-NEG.png 600w\" sizes=\"(max-width: 300px) 100vw, 300px\" \/><\/div>\n\t\t<\/figure>\n\t<\/div>\n\n\t<div class=\"wpb_text_column wpb_content_element \" >\n\t\t<div class=\"wpb_wrapper\">\n\t\t\t<h5 style=\"text-align: center;\"><strong><span style=\"color: #ededed;\">ARAYTOR CORREDURIA DE SEGUROS, S.L.<\/span><\/strong><\/h5>\n<p style=\"text-align: center; font-size: 14px;\"><span style=\"color: #ededed;\">Gran Via de les Corts Catalanes, 565, 08011 Barcelona<\/span><br \/>\n<span style=\"color: #ededed;\">P\u00ba Castellana 91, 4\u00ba planta Oficina 1 28046 Madrid<\/span><\/p>\n<p style=\"text-align: center; font-size: 14px; margin-top: 20px;\"><span style=\"color: #ededed;\">T. <a style=\"color: #ededed;\" href=\"tel:932724860\">932 72 48 60<\/a> | <a style=\"color: #ededed;\" href=\"mailto:events@araytor.com\">events@araytor.com<\/a><\/span><\/p>\n\n\t\t<\/div>\n\t<\/div>\n\n\t<div class=\"wpb_text_column wpb_content_element  vc_custom_1707221367471\" >\n\t\t<div class=\"wpb_wrapper\">\n\t\t\t<h5 style=\"text-align: center;\"><span style=\"color: #ededed;\">FOLLOW US<\/span><\/h5>\n\n\t\t<\/div>\n\t<\/div>\n<div id=\"social-icons\" class=\"vc_row wpb_row vc_inner vc_row-fluid vc_custom_1638268864831\"><div class=\"wpb_column vc_column_container vc_col-sm-1\/5\"><div class=\"vc_column-inner\"><div class=\"wpb_wrapper\"><div class=\"vc_icon_element vc_icon_element-outer vc_icon_element-align-center vc_icon_element-have-style\"><div class=\"vc_icon_element-inner vc_icon_element-color-custom vc_icon_element-have-style-inner vc_icon_element-size-sm vc_icon_element-style-rounded vc_icon_element-background vc_icon_element-background-color-grey\" ><span class=\"vc_icon_element-icon fab fa-facebook-f\" style=\"color:#6d6d6d !important\"><\/span><a class=\"vc_icon_element-link\" href=\"https:\/\/www.facebook.com\/AraytorSeguros\/\"  title=\"\" target=\"_blank\"><\/a><\/div><\/div><\/div><\/div><\/div><div class=\"wpb_column vc_column_container vc_col-sm-1\/5\"><div class=\"vc_column-inner\"><div class=\"wpb_wrapper\"><div class=\"vc_icon_element vc_icon_element-outer vc_icon_element-align-center vc_icon_element-have-style\"><div class=\"vc_icon_element-inner vc_icon_element-color-custom vc_icon_element-have-style-inner vc_icon_element-size-sm vc_icon_element-style-rounded vc_icon_element-background vc_icon_element-background-color-grey\" ><span class=\"vc_icon_element-icon fab fa-twitter\" style=\"color:#6d6d6d !important\"><\/span><a class=\"vc_icon_element-link\" href=\"https:\/\/www.twitter.com\/AraytorSeguros\/\"  title=\"\" target=\"_blank\"><\/a><\/div><\/div><\/div><\/div><\/div><div class=\"wpb_column vc_column_container vc_col-sm-1\/5\"><div class=\"vc_column-inner\"><div class=\"wpb_wrapper\"><div class=\"vc_icon_element vc_icon_element-outer vc_icon_element-align-center vc_icon_element-have-style\"><div class=\"vc_icon_element-inner vc_icon_element-color-custom vc_icon_element-have-style-inner vc_icon_element-size-sm vc_icon_element-style-rounded vc_icon_element-background vc_icon_element-background-color-grey\" ><span class=\"vc_icon_element-icon fab fa-linkedin-in\" style=\"color:#6d6d6d !important\"><\/span><a class=\"vc_icon_element-link\" href=\"http:\/\/linkedin.com\/company\/araytor\"  title=\"\" target=\"_blank\"><\/a><\/div><\/div><\/div><\/div><\/div><div class=\"wpb_column vc_column_container vc_col-sm-1\/5\"><div class=\"vc_column-inner\"><div class=\"wpb_wrapper\"><div class=\"vc_icon_element vc_icon_element-outer vc_icon_element-align-center vc_icon_element-have-style\"><div class=\"vc_icon_element-inner vc_icon_element-color-custom vc_icon_element-have-style-inner vc_icon_element-size-sm vc_icon_element-style-rounded vc_icon_element-background vc_icon_element-background-color-grey\" ><span class=\"vc_icon_element-icon fab fa-instagram\" style=\"color:#6d6d6d !important\"><\/span><a class=\"vc_icon_element-link\" href=\"https:\/\/www.instagram.com\/AraytorSeguros\/\"  title=\"\" target=\"_blank\"><\/a><\/div><\/div><\/div><\/div><\/div><div class=\"wpb_column vc_column_container vc_col-sm-1\/5\"><div class=\"vc_column-inner\"><div class=\"wpb_wrapper\"><div class=\"vc_icon_element vc_icon_element-outer vc_icon_element-align-center vc_icon_element-have-style\"><div class=\"vc_icon_element-inner vc_icon_element-color-custom vc_icon_element-have-style-inner vc_icon_element-size-sm vc_icon_element-style-rounded vc_icon_element-background vc_icon_element-background-color-grey\" ><span class=\"vc_icon_element-icon fab fa-youtube\" style=\"color:#6d6d6d !important\"><\/span><a class=\"vc_icon_element-link\" href=\"https:\/\/www.youtube.com\/@AraytorEvents\"  title=\"\" target=\"_blank\"><\/a><\/div><\/div><\/div><\/div><\/div><\/div><div class=\"vc_row wpb_row vc_inner vc_row-fluid vc_custom_1614192946840\"><div class=\"wpb_column vc_column_container vc_col-sm-3\"><div class=\"vc_column-inner\"><div class=\"wpb_wrapper\"><\/div><\/div><\/div><div class=\"wpb_column vc_column_container vc_col-sm-6\"><div class=\"vc_column-inner\"><div class=\"wpb_wrapper\">\n\t<div class=\"wpb_text_column wpb_content_element \" >\n\t\t<div class=\"wpb_wrapper\">\n\t\t\t<p style=\"text-align: center;\"><strong><span style=\"color: #ffffff;\">Music Promoters Association Partners<\/span><\/strong><\/p>\n\n\t\t<\/div>\n\t<\/div>\n\n\t<div  class=\"wpb_single_image wpb_content_element vc_align_center\">\n\t\t\n\t\t<figure class=\"wpb_wrapper vc_figure\">\n\t\t\t<div class=\"vc_single_image-wrapper   vc_box_border_grey\"><img decoding=\"async\" class=\"vc_single_image-img \" src=\"https:\/\/araytor.com\/wp-content\/uploads\/2021\/05\/logo-APM-2021-50x50.png\" width=\"50\" height=\"50\" alt=\"logo-APM-2021\" title=\"logo-APM-2021\" \/><\/div>\n\t\t<\/figure>\n\t<\/div>\n<\/div><\/div><\/div><div class=\"wpb_column vc_column_container vc_col-sm-3\"><div class=\"vc_column-inner\"><div class=\"wpb_wrapper\"><\/div><\/div><\/div><\/div><\/div><\/div><\/div><div class=\"wpb_column vc_column_container vc_col-sm-3\"><div class=\"vc_column-inner\"><div class=\"wpb_wrapper\"><\/div><\/div><\/div><\/div><div class=\"vc_row-full-width vc_clearfix\"><\/div><\/div>[\/vc_column][\/vc_row]<\/p>\n","protected":false},"excerpt":{"rendered":"Other important insurance for you We offer solutions to other needs that will arise during the organisation of your event. [...]","protected":false},"author":3,"featured_media":7736,"parent":0,"menu_order":0,"comment_status":"closed","ping_status":"closed","template":"","meta":{"footnotes":""},"class_list":["post-16846","page","type-page","status-publish","has-post-thumbnail","hentry"],"yoast_head":"<!-- This site is optimized with the Yoast SEO plugin v20.6 - https:\/\/yoast.com\/wordpress\/plugins\/seo\/ -->\n<title>Araytor I Cyber \u200b\u200brisk insurance, travel and transportation assistance<\/title>\n<meta name=\"description\" content=\"We offer essential cyber risk insurance, travel and transportation assistance, health insurance or civil liability insurance for executives.\" \/>\n<meta name=\"robots\" content=\"index, follow, max-snippet:-1, max-image-preview:large, max-video-preview:-1\" \/>\n<link rel=\"canonical\" href=\"https:\/\/araytor.com\/en\/insurance-that-you-will-also-need\/\" \/>\n<meta property=\"og:locale\" content=\"en_US\" \/>\n<meta property=\"og:type\" content=\"article\" \/>\n<meta property=\"og:title\" content=\"Araytor I Cyber \u200b\u200brisk insurance, travel and transportation assistance\" \/>\n<meta property=\"og:description\" content=\"We offer essential cyber risk insurance, travel and transportation assistance, health insurance or civil liability insurance for executives.\" \/>\n<meta property=\"og:url\" content=\"https:\/\/araytor.com\/en\/insurance-that-you-will-also-need\/\" \/>\n<meta property=\"og:site_name\" content=\"Araytor Corredur\u00eda de Seguros\" \/>\n<meta property=\"article:modified_time\" content=\"2024-02-07T07:46:21+00:00\" \/>\n<meta property=\"og:image\" content=\"https:\/\/araytor.com\/wp-content\/uploads\/2023\/04\/Araytor-seguros-empresas-cabecera-dark.webp\" \/>\n\t<meta property=\"og:image:width\" content=\"1920\" \/>\n\t<meta property=\"og:image:height\" content=\"554\" \/>\n\t<meta property=\"og:image:type\" content=\"image\/webp\" \/>\n<meta name=\"twitter:card\" content=\"summary_large_image\" \/>\n<meta name=\"twitter:label1\" content=\"Est. reading time\" \/>\n\t<meta name=\"twitter:data1\" content=\"4 minutes\" \/>\n<script type=\"application\/ld+json\" class=\"yoast-schema-graph\">{\"@context\":\"https:\/\/schema.org\",\"@graph\":[{\"@type\":\"WebPage\",\"@id\":\"https:\/\/araytor.com\/en\/insurance-that-you-will-also-need\/\",\"url\":\"https:\/\/araytor.com\/en\/insurance-that-you-will-also-need\/\",\"name\":\"Araytor I Cyber \u200b\u200brisk insurance, travel and transportation assistance\",\"isPartOf\":{\"@id\":\"https:\/\/araytor.com\/#website\"},\"datePublished\":\"2021-04-07T04:33:04+00:00\",\"dateModified\":\"2024-02-07T07:46:21+00:00\",\"description\":\"We offer essential cyber risk insurance, travel and transportation assistance, health insurance or civil liability insurance for executives.\",\"breadcrumb\":{\"@id\":\"https:\/\/araytor.com\/en\/insurance-that-you-will-also-need\/#breadcrumb\"},\"inLanguage\":\"en-US\",\"potentialAction\":[{\"@type\":\"ReadAction\",\"target\":[\"https:\/\/araytor.com\/en\/insurance-that-you-will-also-need\/\"]}]},{\"@type\":\"BreadcrumbList\",\"@id\":\"https:\/\/araytor.com\/en\/insurance-that-you-will-also-need\/#breadcrumb\",\"itemListElement\":[{\"@type\":\"ListItem\",\"position\":1,\"name\":\"Portada\",\"item\":\"https:\/\/araytor.com\/\"},{\"@type\":\"ListItem\",\"position\":2,\"name\":\"You will also need\"}]},{\"@type\":\"WebSite\",\"@id\":\"https:\/\/araytor.com\/#website\",\"url\":\"https:\/\/araytor.com\/\",\"name\":\"Araytor Corredur\u00eda de Seguros\",\"description\":\"Seguro de espect\u00e1culos\",\"potentialAction\":[{\"@type\":\"SearchAction\",\"target\":{\"@type\":\"EntryPoint\",\"urlTemplate\":\"https:\/\/araytor.com\/?s={search_term_string}\"},\"query-input\":\"required name=search_term_string\"}],\"inLanguage\":\"en-US\"}]}<\/script>\n<!-- \/ Yoast SEO plugin. -->","yoast_head_json":{"title":"Araytor I Cyber \u200b\u200brisk insurance, travel and transportation assistance","description":"We offer essential cyber risk insurance, travel and transportation assistance, health insurance or civil liability insurance for executives.","robots":{"index":"index","follow":"follow","max-snippet":"max-snippet:-1","max-image-preview":"max-image-preview:large","max-video-preview":"max-video-preview:-1"},"canonical":"https:\/\/araytor.com\/en\/insurance-that-you-will-also-need\/","og_locale":"en_US","og_type":"article","og_title":"Araytor I Cyber \u200b\u200brisk insurance, travel and transportation assistance","og_description":"We offer essential cyber risk insurance, travel and transportation assistance, health insurance or civil liability insurance for executives.","og_url":"https:\/\/araytor.com\/en\/insurance-that-you-will-also-need\/","og_site_name":"Araytor Corredur\u00eda de Seguros","article_modified_time":"2024-02-07T07:46:21+00:00","og_image":[{"width":1920,"height":554,"url":"https:\/\/araytor.com\/wp-content\/uploads\/2023\/04\/Araytor-seguros-empresas-cabecera-dark.webp","type":"image\/webp"}],"twitter_card":"summary_large_image","twitter_misc":{"Est. reading time":"4 minutes"},"schema":{"@context":"https:\/\/schema.org","@graph":[{"@type":"WebPage","@id":"https:\/\/araytor.com\/en\/insurance-that-you-will-also-need\/","url":"https:\/\/araytor.com\/en\/insurance-that-you-will-also-need\/","name":"Araytor I Cyber \u200b\u200brisk insurance, travel and transportation assistance","isPartOf":{"@id":"https:\/\/araytor.com\/#website"},"datePublished":"2021-04-07T04:33:04+00:00","dateModified":"2024-02-07T07:46:21+00:00","description":"We offer essential cyber risk insurance, travel and transportation assistance, health insurance or civil liability insurance for executives.","breadcrumb":{"@id":"https:\/\/araytor.com\/en\/insurance-that-you-will-also-need\/#breadcrumb"},"inLanguage":"en-US","potentialAction":[{"@type":"ReadAction","target":["https:\/\/araytor.com\/en\/insurance-that-you-will-also-need\/"]}]},{"@type":"BreadcrumbList","@id":"https:\/\/araytor.com\/en\/insurance-that-you-will-also-need\/#breadcrumb","itemListElement":[{"@type":"ListItem","position":1,"name":"Portada","item":"https:\/\/araytor.com\/"},{"@type":"ListItem","position":2,"name":"You will also need"}]},{"@type":"WebSite","@id":"https:\/\/araytor.com\/#website","url":"https:\/\/araytor.com\/","name":"Araytor Corredur\u00eda de Seguros","description":"Seguro de espect\u00e1culos","potentialAction":[{"@type":"SearchAction","target":{"@type":"EntryPoint","urlTemplate":"https:\/\/araytor.com\/?s={search_term_string}"},"query-input":"required name=search_term_string"}],"inLanguage":"en-US"}]}},"_links":{"self":[{"href":"https:\/\/araytor.com\/en\/wp-json\/wp\/v2\/pages\/16846","targetHints":{"allow":["GET"]}}],"collection":[{"href":"https:\/\/araytor.com\/en\/wp-json\/wp\/v2\/pages"}],"about":[{"href":"https:\/\/araytor.com\/en\/wp-json\/wp\/v2\/types\/page"}],"author":[{"embeddable":true,"href":"https:\/\/araytor.com\/en\/wp-json\/wp\/v2\/users\/3"}],"replies":[{"embeddable":true,"href":"https:\/\/araytor.com\/en\/wp-json\/wp\/v2\/comments?post=16846"}],"version-history":[{"count":6,"href":"https:\/\/araytor.com\/en\/wp-json\/wp\/v2\/pages\/16846\/revisions"}],"predecessor-version":[{"id":16853,"href":"https:\/\/araytor.com\/en\/wp-json\/wp\/v2\/pages\/16846\/revisions\/16853"}],"wp:featuredmedia":[{"embeddable":true,"href":"https:\/\/araytor.com\/en\/wp-json\/wp\/v2\/media\/7736"}],"wp:attachment":[{"href":"https:\/\/araytor.com\/en\/wp-json\/wp\/v2\/media?parent=16846"}],"curies":[{"name":"wp","href":"https:\/\/api.w.org\/{rel}","templated":true}]}}