{"id":5754,"date":"2018-10-22T13:48:46","date_gmt":"2018-10-22T13:48:46","guid":{"rendered":"https:\/\/www.ekko-wp.com\/?page_id=5754"},"modified":"2021-01-11T12:16:39","modified_gmt":"2021-01-11T12:16:39","slug":"contacto","status":"publish","type":"page","link":"https:\/\/araytor.com\/en\/contacto\/","title":{"rendered":"Contacto"},"content":{"rendered":"<p>[vc_row full_width=&#8221;stretch_row&#8221; video_bg=&#8221;yes&#8221; video_bg_url=&#8221;https:\/\/www.youtube.com\/watch?v=nbKzvHNicnk&#8221; kd_image_overlay_color=&#8221;rgba(0,0,0,0.7)&#8221; kd_image_overlay=&#8221;true&#8221; css=&#8221;.vc_custom_1556020011758{padding-top: 260px !important;padding-bottom: 200px !important;background-image: url(https:\/\/www.ekko-wp.com\/wp-content\/uploads\/2018\/10\/blog6.jpg?id=7323) !important;}&#8221;][vc_column css=&#8221;.vc_custom_1513003956648{padding-top: 0px !important;}&#8221;][vc_row_inner][vc_column_inner width=&#8221;1\/6&#8243; css=&#8221;.vc_custom_1513004658055{padding-top: 50px !important;padding-left: 0px !important;}&#8221;][\/vc_column_inner][vc_column_inner width=&#8221;2\/3&#8243; css=&#8221;.vc_custom_1513008591637{padding-right: 0px !important;padding-left: 0px !important;}&#8221;]<div class=\"kd-text-rotator kd-rotatorid-69ece34ec2790 text-center  \"><div class=\"kd-text-rotator-container\"><h2 class=\"rotator-single kd-rotator-item-1 \" style=\" color: #ffffff; font-size: 60px;\">Get ready to impress.<\/h2><h2 class=\"rotator-single kd-rotator-item-2 \" style=\" color: #ffffff; font-size: 60px;\">Keep your audience engaged.<\/h2><h2 class=\"rotator-single kd-rotator-item-3 \" style=\" color: #ffffff; font-size: 60px;\">Build your dream website.<\/h2><h2 class=\"rotator-single kd-rotator-item-4 last\" style=\"transition: all 0.5s 4.25s; color: #ffffff; font-size: 60px;\">Let's get in touch. Contact us.<\/h2><\/div><\/div>[\/vc_column_inner][vc_column_inner width=&#8221;1\/6&#8243;][\/vc_column_inner][\/vc_row_inner][\/vc_column][\/vc_row][vc_row css=&#8221;.vc_custom_1555665510935{padding-top: 100px !important;padding-bottom: 50px !important;}&#8221;][vc_column][vc_row_inner css=&#8221;.vc_custom_1556020050820{margin-bottom: 20px !important;padding-right: 0px !important;padding-left: 0px !important;}&#8221;][vc_column_inner width=&#8221;1\/3&#8243;]<a href=\"url:%23|||\" target=\"\"><div class=\"cb-container\"  ><div class=\"cb-img-area\"><i class=\"iconsmind-Speach-BubbleDialog\" style=\" \"><\/i> <\/div><div class=\"cb-text-area\">\n                    <h4 class=\"cb-heading \" >Just ask. Get answers.<\/h4><p >Lorem ipsum dolor sit amet, consectetur adipisicing elit. Lorem ipsum dolor sit amet.<\/p><\/div><\/div><\/a>[\/vc_column_inner][vc_column_inner width=&#8221;1\/3&#8243;]<a href=\"url:%23|||\" target=\"\"><div class=\"cb-container\"  ><div class=\"cb-img-area\"><i class=\"iconsmind-Phone-Wifi\" style=\" \"><\/i> <\/div><div class=\"cb-text-area\">\n                    <h4 class=\"cb-heading \" >Reach us by phone.<\/h4><p >Lorem ipsum dolor sit amet, consectetur adipisicing elit. Lorem ipsum dolor sit amet.<\/p><\/div><\/div><\/a>[\/vc_column_inner][vc_column_inner width=&#8221;1\/3&#8243;]<a href=\"url:%23|||\" target=\"\"><div class=\"cb-container\"  ><div class=\"cb-img-area\"><i class=\"iconsmind-Life-Safer\" style=\" \"><\/i> <\/div><div class=\"cb-text-area\">\n                    <h4 class=\"cb-heading \" >Popular help topics.<\/h4><p >Lorem ipsum dolor sit amet, consectetur adipisicing elit. Lorem ipsum dolor sit amet.<\/p><\/div><\/div><\/a>[\/vc_column_inner][\/vc_row_inner][\/vc_column][\/vc_row][vc_row full_width=&#8221;stretch_row_content_no_spaces&#8221; css=&#8221;.vc_custom_1556020071637{padding-bottom: 0px !important;background-color: #f5f5f5 !important;}&#8221; top_section_title=&#8221;&#8221; bottom_section_title=&#8221;&#8221;][vc_column width=&#8221;1\/2&#8243; css=&#8221;.vc_custom_1522244564559{padding-top: 0px !important;}&#8221; offset=&#8221;vc_col-lg-6 vc_col-md-12&#8243;]<div class=\"kd-alertbox kd-contact-alertbox ab_info kd_map_alert\">\r\n                        <div class=\"ab-icon\"><i class=\"fas fa-exclamation-triangle\"><\/i><\/div>\r\n                        <div class=\"ab-message\"><p><\/p>\r\n                        <p>Google maps requires a valid API key in order to work.<br> You can add it in Dashboard > Ekko > Theme Options > Global Options. Generate a new API key from https:\/\/developers.google.com\/maps<\/p><\/div>\r\n                        <a href=\"#\" class=\"ab-close\"><i class=\"fas fa-times\"><\/i><\/a>\r\n                        <\/div><div class=\"contact-map-container hidden_info_panel\" style=\"height: 645px;\"><div id=\"kd69ece34ec2a60\" class=\"kd_map\" style=\"height: 645px;\"><\/div>\r\n\r\n            <\/div>[\/vc_column][vc_column width=&#8221;1\/2&#8243; css=&#8221;.vc_custom_1539086354367{padding-top: 100px !important;}&#8221; offset=&#8221;vc_col-lg-6 vc_col-md-12&#8243;][vc_row_inner css=&#8221;.vc_custom_1556020075204{padding-top: 0px !important;}&#8221;][vc_column_inner width=&#8221;1\/4&#8243;][\/vc_column_inner][vc_column_inner width=&#8221;1\/2&#8243; css=&#8221;.vc_custom_1541508316360{padding-right: 0px !important;padding-bottom: 30px !important;padding-left: 0px !important;}&#8221;]<header class=\"kd-section-title col-lg-12 text-left  kd-animated fadeIn  \" data-animation-delay=200><h2 class=\"separator_off\" >Ready to get started?<\/h2><h6 class=\"subtitle \" >Give us a call or drop by anytime, we endeavour to answer all enquiries within 24 hours on business days.<\/h6><\/header>[vc_empty_space height=&#8221;10px&#8221;]<div class=\"kd-contact-form full-width-cf white-input-bg\" >\n<div class=\"wpcf7 no-js\" id=\"wpcf7-f17453-o1\" lang=\"en-US\" dir=\"ltr\">\n<div class=\"screen-reader-response\"><p role=\"status\" aria-live=\"polite\" aria-atomic=\"true\"><\/p> <ul><\/ul><\/div>\n<form action=\"\/en\/wp-json\/wp\/v2\/pages\/5754#wpcf7-f17453-o1\" method=\"post\" class=\"wpcf7-form init\" aria-label=\"Contact form\" novalidate=\"novalidate\" data-status=\"init\">\n<div style=\"display: none;\">\n<input type=\"hidden\" name=\"_wpcf7\" value=\"17453\" \/>\n<input type=\"hidden\" name=\"_wpcf7_version\" value=\"5.8.7\" \/>\n<input type=\"hidden\" name=\"_wpcf7_locale\" value=\"en_US\" \/>\n<input type=\"hidden\" name=\"_wpcf7_unit_tag\" value=\"wpcf7-f17453-o1\" \/>\n<input type=\"hidden\" name=\"_wpcf7_container_post\" value=\"0\" \/>\n<input type=\"hidden\" name=\"_wpcf7_posted_data_hash\" value=\"\" \/>\n<input type=\"hidden\" name=\"_wpcf7cf_hidden_group_fields\" value=\"[]\" \/>\n<input type=\"hidden\" name=\"_wpcf7cf_hidden_groups\" value=\"[]\" \/>\n<input type=\"hidden\" name=\"_wpcf7cf_visible_groups\" value=\"[]\" \/>\n<input type=\"hidden\" name=\"_wpcf7cf_repeaters\" value=\"[]\" \/>\n<input type=\"hidden\" name=\"_wpcf7cf_steps\" value=\"{}\" \/>\n<input type=\"hidden\" name=\"_wpcf7cf_options\" value=\"{&quot;form_id&quot;:17453,&quot;conditions&quot;:[],&quot;settings&quot;:{&quot;animation&quot;:&quot;yes&quot;,&quot;animation_intime&quot;:200,&quot;animation_outtime&quot;:200,&quot;conditions_ui&quot;:&quot;normal&quot;,&quot;notice_dismissed&quot;:false,&quot;notice_dismissed_rollback-cf7-5.7.6&quot;:true}}\" \/>\n<input type=\"hidden\" name=\"_wpcf7_recaptcha_response\" value=\"\" \/>\n<\/div>\n<p><span class=\"wpcf7-form-control-wrap\" data-name=\"your-name\"><input size=\"40\" class=\"wpcf7-form-control wpcf7-text wpcf7-validates-as-required\" aria-required=\"true\" aria-invalid=\"false\" placeholder=\"Nombre\" value=\"\" type=\"text\" name=\"your-name\" \/><\/span><br \/>\n<span class=\"wpcf7-form-control-wrap\" data-name=\"your-email\"><input size=\"40\" class=\"wpcf7-form-control wpcf7-email wpcf7-validates-as-required wpcf7-text wpcf7-validates-as-email\" aria-required=\"true\" aria-invalid=\"false\" placeholder=\"Email\" value=\"\" type=\"email\" name=\"your-email\" \/><\/span><br \/>\n<span class=\"wpcf7-form-control-wrap\" data-name=\"your-message\"><textarea cols=\"40\" rows=\"10\" class=\"wpcf7-form-control wpcf7-textarea\" aria-invalid=\"false\" placeholder=\"Consulta\" name=\"your-message\"><\/textarea><\/span><br \/>\n<label style=\"display:inline-block;\"><span style=\"display: inline-block;\"><span class=\"wpcf7-form-control-wrap\" data-name=\"privacidad\"><span class=\"wpcf7-form-control wpcf7-acceptance\"><span class=\"wpcf7-list-item\"><input type=\"checkbox\" name=\"privacidad\" value=\"1\" aria-invalid=\"false\" \/><\/span><\/span><\/span><\/span> Acepto la <a href=\"\/aviso-legal\/\" target=\"_blank\">pol\u00edtica de privacidad.<\/a><\/label><br \/>\n<input class=\"wpcf7-form-control wpcf7-submit has-spinner\" type=\"submit\" value=\"Enviar\" \/>\n<\/p><div class=\"wpcf7-response-output\" aria-hidden=\"true\"><\/div>\n<\/form>\n<\/div>\n<\/div>[\/vc_column_inner][vc_column_inner width=&#8221;1\/4&#8243;][\/vc_column_inner][\/vc_row_inner][\/vc_column][\/vc_row]<\/p>\n","protected":false},"excerpt":{"rendered":"<p>[vc_row full_width=&#8221;stretch_row&#8221; video_bg=&#8221;yes&#8221; video_bg_url=&#8221;https:\/\/www.youtube.com\/watch?v=nbKzvHNicnk&#8221; kd_image_overlay_color=&#8221;rgba(0,0,0,0.7)&#8221; kd_image_overlay=&#8221;true&#8221; css=&#8221;.vc_custom_1556020011758{padding-top: 260px !important;padding-bottom: 200px !important;background-image: url(https:\/\/www.ekko-wp.com\/wp-content\/uploads\/2018\/10\/blog6.jpg?id=7323) !important;}&#8221;][vc_column css=&#8221;.vc_custom_1513003956648{padding-top: 0px !important;}&#8221;][vc_row_inner][vc_column_inner width=&#8221;1\/6&#8243; css=&#8221;.vc_custom_1513004658055{padding-top: 50px !important;padding-left: [&hellip;]<\/p>\n","protected":false},"author":1,"featured_media":0,"parent":0,"menu_order":0,"comment_status":"closed","ping_status":"closed","template":"","meta":{"footnotes":""},"class_list":["post-5754","page","type-page","status-publish","hentry"],"yoast_head":"<!-- This site is optimized with the Yoast SEO plugin v20.6 - https:\/\/yoast.com\/wordpress\/plugins\/seo\/ -->\n<title>Araytor I Seguros responsabilidad civil eventos I Contacto<\/title>\n<meta name=\"description\" content=\"Si tienes dudas sobre alguna de tus p\u00f3lizas o necesitas m\u00e1s info, ll\u00e1manos al 932 724 860 o escr\u00edbenos un email al events@araytor.com.\" \/>\n<meta name=\"robots\" content=\"index, follow, max-snippet:-1, max-image-preview:large, max-video-preview:-1\" \/>\n<link rel=\"canonical\" href=\"https:\/\/araytor.com\/contacto\/\" \/>\n<meta property=\"og:locale\" content=\"en_US\" \/>\n<meta property=\"og:type\" content=\"article\" \/>\n<meta property=\"og:title\" content=\"Araytor I Seguros responsabilidad civil eventos I Contacto\" \/>\n<meta property=\"og:description\" content=\"Si tienes dudas sobre alguna de tus p\u00f3lizas o necesitas m\u00e1s info, ll\u00e1manos al 932 724 860 o escr\u00edbenos un email al events@araytor.com.\" \/>\n<meta property=\"og:url\" content=\"https:\/\/araytor.com\/contacto\/\" \/>\n<meta property=\"og:site_name\" content=\"Araytor Corredur\u00eda de Seguros\" \/>\n<meta property=\"article:modified_time\" content=\"2021-01-11T12:16:39+00:00\" \/>\n<meta name=\"twitter:card\" content=\"summary_large_image\" \/>\n<meta name=\"twitter:label1\" content=\"Est. reading time\" \/>\n\t<meta name=\"twitter:data1\" content=\"3 minutes\" \/>\n<script type=\"application\/ld+json\" class=\"yoast-schema-graph\">{\"@context\":\"https:\/\/schema.org\",\"@graph\":[{\"@type\":\"WebPage\",\"@id\":\"https:\/\/araytor.com\/contacto\/\",\"url\":\"https:\/\/araytor.com\/contacto\/\",\"name\":\"Araytor I Seguros responsabilidad civil eventos I Contacto\",\"isPartOf\":{\"@id\":\"https:\/\/araytor.com\/#website\"},\"datePublished\":\"2018-10-22T13:48:46+00:00\",\"dateModified\":\"2021-01-11T12:16:39+00:00\",\"description\":\"Si tienes dudas sobre alguna de tus p\u00f3lizas o necesitas m\u00e1s info, ll\u00e1manos al 932 724 860 o escr\u00edbenos un email al events@araytor.com.\",\"breadcrumb\":{\"@id\":\"https:\/\/araytor.com\/contacto\/#breadcrumb\"},\"inLanguage\":\"en-US\",\"potentialAction\":[{\"@type\":\"ReadAction\",\"target\":[\"https:\/\/araytor.com\/contacto\/\"]}]},{\"@type\":\"BreadcrumbList\",\"@id\":\"https:\/\/araytor.com\/contacto\/#breadcrumb\",\"itemListElement\":[{\"@type\":\"ListItem\",\"position\":1,\"name\":\"Portada\",\"item\":\"https:\/\/araytor.com\/\"},{\"@type\":\"ListItem\",\"position\":2,\"name\":\"Contacto\"}]},{\"@type\":\"WebSite\",\"@id\":\"https:\/\/araytor.com\/#website\",\"url\":\"https:\/\/araytor.com\/\",\"name\":\"Araytor Corredur\u00eda de Seguros\",\"description\":\"Seguro de espect\u00e1culos\",\"potentialAction\":[{\"@type\":\"SearchAction\",\"target\":{\"@type\":\"EntryPoint\",\"urlTemplate\":\"https:\/\/araytor.com\/?s={search_term_string}\"},\"query-input\":\"required name=search_term_string\"}],\"inLanguage\":\"en-US\"}]}<\/script>\n<!-- \/ Yoast SEO plugin. -->","yoast_head_json":{"title":"Araytor I Seguros responsabilidad civil eventos I Contacto","description":"Si tienes dudas sobre alguna de tus p\u00f3lizas o necesitas m\u00e1s info, ll\u00e1manos al 932 724 860 o escr\u00edbenos un email al events@araytor.com.","robots":{"index":"index","follow":"follow","max-snippet":"max-snippet:-1","max-image-preview":"max-image-preview:large","max-video-preview":"max-video-preview:-1"},"canonical":"https:\/\/araytor.com\/contacto\/","og_locale":"en_US","og_type":"article","og_title":"Araytor I Seguros responsabilidad civil eventos I Contacto","og_description":"Si tienes dudas sobre alguna de tus p\u00f3lizas o necesitas m\u00e1s info, ll\u00e1manos al 932 724 860 o escr\u00edbenos un email al events@araytor.com.","og_url":"https:\/\/araytor.com\/contacto\/","og_site_name":"Araytor Corredur\u00eda de Seguros","article_modified_time":"2021-01-11T12:16:39+00:00","twitter_card":"summary_large_image","twitter_misc":{"Est. reading time":"3 minutes"},"schema":{"@context":"https:\/\/schema.org","@graph":[{"@type":"WebPage","@id":"https:\/\/araytor.com\/contacto\/","url":"https:\/\/araytor.com\/contacto\/","name":"Araytor I Seguros responsabilidad civil eventos I Contacto","isPartOf":{"@id":"https:\/\/araytor.com\/#website"},"datePublished":"2018-10-22T13:48:46+00:00","dateModified":"2021-01-11T12:16:39+00:00","description":"Si tienes dudas sobre alguna de tus p\u00f3lizas o necesitas m\u00e1s info, ll\u00e1manos al 932 724 860 o escr\u00edbenos un email al events@araytor.com.","breadcrumb":{"@id":"https:\/\/araytor.com\/contacto\/#breadcrumb"},"inLanguage":"en-US","potentialAction":[{"@type":"ReadAction","target":["https:\/\/araytor.com\/contacto\/"]}]},{"@type":"BreadcrumbList","@id":"https:\/\/araytor.com\/contacto\/#breadcrumb","itemListElement":[{"@type":"ListItem","position":1,"name":"Portada","item":"https:\/\/araytor.com\/"},{"@type":"ListItem","position":2,"name":"Contacto"}]},{"@type":"WebSite","@id":"https:\/\/araytor.com\/#website","url":"https:\/\/araytor.com\/","name":"Araytor Corredur\u00eda de Seguros","description":"Seguro de espect\u00e1culos","potentialAction":[{"@type":"SearchAction","target":{"@type":"EntryPoint","urlTemplate":"https:\/\/araytor.com\/?s={search_term_string}"},"query-input":"required name=search_term_string"}],"inLanguage":"en-US"}]}},"_links":{"self":[{"href":"https:\/\/araytor.com\/en\/wp-json\/wp\/v2\/pages\/5754","targetHints":{"allow":["GET"]}}],"collection":[{"href":"https:\/\/araytor.com\/en\/wp-json\/wp\/v2\/pages"}],"about":[{"href":"https:\/\/araytor.com\/en\/wp-json\/wp\/v2\/types\/page"}],"author":[{"embeddable":true,"href":"https:\/\/araytor.com\/en\/wp-json\/wp\/v2\/users\/1"}],"replies":[{"embeddable":true,"href":"https:\/\/araytor.com\/en\/wp-json\/wp\/v2\/comments?post=5754"}],"version-history":[{"count":2,"href":"https:\/\/araytor.com\/en\/wp-json\/wp\/v2\/pages\/5754\/revisions"}],"predecessor-version":[{"id":7545,"href":"https:\/\/araytor.com\/en\/wp-json\/wp\/v2\/pages\/5754\/revisions\/7545"}],"wp:attachment":[{"href":"https:\/\/araytor.com\/en\/wp-json\/wp\/v2\/media?parent=5754"}],"curies":[{"name":"wp","href":"https:\/\/api.w.org\/{rel}","templated":true}]}}